{"id":11299,"date":"2023-03-31T10:04:07","date_gmt":"2023-03-31T08:04:07","guid":{"rendered":"https:\/\/tlenuj.pl\/?page_id=11299"},"modified":"2023-04-26T08:01:31","modified_gmt":"2023-04-26T06:01:31","slug":"voucher","status":"publish","type":"page","link":"https:\/\/tlenuj.pl\/?page_id=11299","title":{"rendered":"Voucher"},"content":{"rendered":"<p>[vc_row full_width=&#8221;stretch_row&#8221; row_dynamic_height=&#8221;75&#8243; row_min_height=&#8221;350&#8243; columns_placement_dyn=&#8221;bottom&#8221; parallax=&#8221;content-moving&#8221; parallax_image=&#8221;10876&#8243; css_tabs=&#8221;&#8221; css=&#8221;.vc_custom_1682488836538{border-bottom-width: 1px !important;padding-bottom: 10% !important;border-bottom-color: #bcbcbc !important;border-bottom-style: solid !important;}&#8221;][vc_column][vc_custom_heading text=&#8221;Obdaruj siebie i Bliskich&#8221; google_fonts=&#8221;font_family:Dosis%3A200%2C300%2Cregular%2C500%2C600%2C700%2C800|font_style:800%20bold%20regular%3A800%3Anormal&#8221; font_container=&#8221;tag:h2|font_size:90|text_align:center|color:%23ffffff&#8221; transform=&#8221;uppercase&#8221; font_title_responsive=&#8221;true&#8221; text_animation=&#8221;char&#8221; text_animation_type=&#8221;slideUpIn&#8221; css_animation=&#8221;swing&#8221;][vc_custom_heading text=&#8221;Dawk\u0105 zdrowia&#8221; google_fonts=&#8221;font_family:Dosis%3A200%2C300%2Cregular%2C500%2C600%2C700%2C800|font_style:800%20bold%20regular%3A800%3Anormal&#8221; font_container=&#8221;tag:h2|font_size:35|text_align:center|color:%23ffffff&#8221; transform=&#8221;uppercase&#8221; font_title_responsive=&#8221;true&#8221; line_height_responsive=&#8221;150&#8243;][\/vc_column][\/vc_row][vc_row full_width=&#8221;stretch_row_content&#8221; custom_padding=&#8221;true&#8221; custom_padding_t=&#8221;80&#8243; custom_padding_b=&#8221;80&#8243; equal_height=&#8221;yes&#8221; gap=&#8221;35&#8243; large_padding=&#8221;true&#8221; css=&#8221;.vc_custom_1680165648888{background-color: #ffffff !important;}&#8221;][vc_column width=&#8221;1\/2&#8243;][vc_custom_heading text=&#8221;Voucher podarunkowy&#8221; google_fonts=&#8221;font_family:Roboto%3A100%2C100italic%2C300%2C300italic%2Cregular%2Citalic%2C500%2C500italic%2C700%2C700italic%2C900%2C900italic|font_style:400%20regular%3A400%3Anormal&#8221; font_container=&#8221;tag:h2|text_align:left&#8221; text_animation=&#8221;char&#8221; text_animation_type=&#8221;slideUpIn&#8221;][vc_empty_space height=&#8221;50px&#8221;][vc_column_text]<\/p>\n<div class=\"vc_custom_heading vc_custom_1677748976616 vc_custom_heading_642595e2aa7d0251041872\">\n<div class=\"vc_custom_heading vc_custom_1677748976616 vc_custom_heading_642595e2aa7d0251041872\">\n<p><span style=\"color: #333333;\">Voucher podarunkowy na sesj\u0119 w komorze hiperbarycznej to doskona\u0142y prezent dla ka\u017cdego, kto ceni sobie zdrowie i dobre samopoczucie. Taki voucher daje mo\u017cliwo\u015b\u0107 skorzystania z jednej sesji w komorze hiperbarycznej w ci\u0105gu 6 miesi\u0119cy od daty zakupu.<br \/>\n<\/span><span style=\"color: #333333;\"><br \/>\n<\/span><span style=\"color: #333333;\">Dzi\u0119ki voucherowi na sesj\u0119 w komorze hiperbarycznej, obdarowany b\u0119dzie mia\u0142 okazj\u0119 do\u015bwiadczy\u0107 korzy\u015bci zwi\u0105zanych z t\u0105 nowoczesn\u0105 metod\u0105 terapeutyczn\u0105.<\/span><\/p>\n<p><strong>Voucher dost\u0119pny do kupienia jest w naszym salonie<\/strong><\/p>\n<\/div>\n<\/div>\n<p>[\/vc_column_text][\/vc_column][vc_column width=&#8221;1\/2&#8243;][vc_single_image image=&#8221;10837&#8243; alignment=&#8221;center&#8221; img_size=&#8221;large&#8221; dir_animation=&#8221;down&#8221; dir_animation_loop=&#8221;true&#8221; css_animation=&#8221;pulse&#8221;][\/vc_column][\/vc_row]<\/p>\n","protected":false},"excerpt":{"rendered":"<p>[vc_row full_width=&#8221;stretch_row&#8221; row_dynamic_height=&#8221;75&#8243; row_min_height=&#8221;350&#8243; columns_placement_dyn=&#8221;bottom&#8221; parallax=&#8221;content-moving&#8221; parallax_image=&#8221;10876&#8243; css_tabs=&#8221;&#8221; css=&#8221;.vc_custom_1682488836538{border-bottom-width: 1px !important;padding-bottom: 10% !important;border-bottom-color: #bcbcbc !important;border-bottom-style: solid !important;}&#8221;][vc_column][vc_custom_heading text=&#8221;Obdaruj siebie i Bliskich&#8221; google_fonts=&#8221;font_family:Dosis%3A200%2C300%2Cregular%2C500%2C600%2C700%2C800|font_style:800%20bold%20regular%3A800%3Anormal&#8221; font_container=&#8221;tag:h2|font_size:90|text_align:center|color:%23ffffff&#8221; transform=&#8221;uppercase&#8221; font_title_responsive=&#8221;true&#8221; text_animation=&#8221;char&#8221; text_animation_type=&#8221;slideUpIn&#8221; css_animation=&#8221;swing&#8221;][vc_custom_heading text=&#8221;Dawk\u0105 zdrowia&#8221; [&hellip;]<\/p>\n","protected":false},"author":1,"featured_media":0,"parent":0,"menu_order":0,"comment_status":"closed","ping_status":"closed","template":"","meta":{"_editorskit_title_hidden":false,"_editorskit_reading_time":0,"_editorskit_is_block_options_detached":false,"_editorskit_block_options_position":"{}","footnotes":""},"_links":{"self":[{"href":"https:\/\/tlenuj.pl\/index.php?rest_route=\/wp\/v2\/pages\/11299"}],"collection":[{"href":"https:\/\/tlenuj.pl\/index.php?rest_route=\/wp\/v2\/pages"}],"about":[{"href":"https:\/\/tlenuj.pl\/index.php?rest_route=\/wp\/v2\/types\/page"}],"author":[{"embeddable":true,"href":"https:\/\/tlenuj.pl\/index.php?rest_route=\/wp\/v2\/users\/1"}],"replies":[{"embeddable":true,"href":"https:\/\/tlenuj.pl\/index.php?rest_route=%2Fwp%2Fv2%2Fcomments&post=11299"}],"version-history":[{"count":12,"href":"https:\/\/tlenuj.pl\/index.php?rest_route=\/wp\/v2\/pages\/11299\/revisions"}],"predecessor-version":[{"id":11466,"href":"https:\/\/tlenuj.pl\/index.php?rest_route=\/wp\/v2\/pages\/11299\/revisions\/11466"}],"wp:attachment":[{"href":"https:\/\/tlenuj.pl\/index.php?rest_route=%2Fwp%2Fv2%2Fmedia&parent=11299"}],"curies":[{"name":"wp","href":"https:\/\/api.w.org\/{rel}","templated":true}]}}