{"id":11169,"date":"2023-03-30T16:00:00","date_gmt":"2023-03-30T14:00:00","guid":{"rendered":"https:\/\/tlenuj.pl\/?page_id=11169"},"modified":"2023-04-26T08:05:34","modified_gmt":"2023-04-26T06:05:34","slug":"dla-kogo","status":"publish","type":"page","link":"https:\/\/tlenuj.pl\/?page_id=11169","title":{"rendered":"Tlenoterapia"},"content":{"rendered":"<p>[vc_row full_width=&#8221;stretch_row&#8221; row_dynamic_height=&#8221;75&#8243; row_min_height=&#8221;350&#8243; columns_placement_dyn=&#8221;bottom&#8221; parallax=&#8221;content-moving&#8221; parallax_image=&#8221;10876&#8243; css=&#8221;.vc_custom_1682319513884{border-bottom-width: 1px !important;padding-bottom: 10% !important;border-bottom-color: #bcbcbc !important;border-bottom-style: solid !important;}&#8221;][vc_column width=&#8221;1\/6&#8243;][\/vc_column][vc_column width=&#8221;2\/3&#8243;][vc_custom_heading text=&#8221;Tlenoterapia&#8221; google_fonts=&#8221;font_family:Dosis%3A200%2C300%2Cregular%2C500%2C600%2C700%2C800|font_style:800%20bold%20regular%3A800%3Anormal&#8221; font_container=&#8221;tag:h2|font_size:90|text_align:center|color:%23ffffff&#8221; transform=&#8221;uppercase&#8221; font_title_responsive=&#8221;true&#8221; text_animation=&#8221;char&#8221; text_animation_type=&#8221;slideUpIn&#8221; css_animation=&#8221;swing&#8221;][vc_custom_heading text=&#8221;Lepsza jako\u015b\u0107 Twojego \u017cycia&#8221; google_fonts=&#8221;font_family:Dosis%3A200%2C300%2Cregular%2C500%2C600%2C700%2C800|font_style:800%20bold%20regular%3A800%3Anormal&#8221; font_container=&#8221;tag:h2|font_size:35|text_align:center|color:%23ffffff&#8221; transform=&#8221;uppercase&#8221; font_title_responsive=&#8221;true&#8221; line_height_responsive=&#8221;150&#8243;][\/vc_column][vc_column width=&#8221;1\/6&#8243;][\/vc_column][\/vc_row][vc_row full_width=&#8221;stretch_row_content&#8221; custom_padding=&#8221;true&#8221; custom_padding_t=&#8221;80&#8243; custom_padding_b=&#8221;80&#8243; equal_height=&#8221;yes&#8221; gap=&#8221;35&#8243; large_padding=&#8221;true&#8221; css=&#8221;.vc_custom_1680165648888{background-color: #ffffff !important;}&#8221;][vc_column width=&#8221;1\/2&#8243;][vc_empty_space height=&#8221;50px&#8221;][vc_custom_heading text=&#8221;Nasza komora&#8221; google_fonts=&#8221;font_family:Roboto%3A100%2C100italic%2C300%2C300italic%2Cregular%2Citalic%2C500%2C500italic%2C700%2C700italic%2C900%2C900italic|font_style:400%20regular%3A400%3Anormal&#8221; font_container=&#8221;tag:h2|text_align:left&#8221; text_animation=&#8221;char&#8221; text_animation_type=&#8221;slideUpIn&#8221;][vc_empty_space height=&#8221;50px&#8221;][vc_column_text]<\/p>\n<p align=\"justify\">Najbardziej wszechstronna i przestronna z kom\u00f3r poziomych. Pomie\u015bci 2 osoby, dzi\u0119ki czemu mo\u017ce w niej przebywa\u0107 np. rodzic z dzieckiem. Komora jest bardzo jasna w \u015brodku, poniewa\u017c posiada a\u017c 7 okien. Najlepszy wyb\u00f3r dla os\u00f3b lubi\u0105cych przestrze\u0144, komfort i wygod\u0119. Wyposa\u017cona w metalowy stela\u017c wewn\u0119trzny.<\/p>\n<p>Komora\u00a0<strong>OMNIOXY DUO<\/strong>\u00a0nie jest wyrobem medycznym.<\/p>\n<p><strong>Parametry<\/strong><\/p>\n<ul>\n<li>Bezpieczne ci\u015bnienie 1.3 ATA<\/li>\n<li>Maks. przep\u0142yw tlenu 10 l\/min<\/li>\n<li>\u015arednica 90 cm<\/li>\n<li>D\u0142ugo\u015b\u0107 225 cm<\/li>\n<li>Max ilo\u015b\u0107 os\u00f3b 2<\/li>\n<\/ul>\n<p>[\/vc_column_text][\/vc_column][vc_column width=&#8221;1\/2&#8243;][vc_single_image image=&#8221;10794&#8243; alignment=&#8221;center&#8221; img_size=&#8221;large&#8221; dir_animation=&#8221;down&#8221; dir_animation_loop=&#8221;true&#8221; css_animation=&#8221;pulse&#8221;][\/vc_column][\/vc_row][vc_row full_width=&#8221;stretch_row_content&#8221; row_min_height=&#8221;200&#8243; columns_placement_dyn=&#8221;bottom&#8221; gap=&#8221;0&#8243; parallax=&#8221;content-moving&#8221; parallax_image=&#8221;10818&#8243;][vc_column vertical_align=&#8221;center&#8221; width=&#8221;1\/3&#8243;][rdy_counter type=&#8221;random&#8221; google_fonts=&#8221;font_family:Dosis%3A200%2C300%2Cregular%2C500%2C600%2C700%2C800|font_style:800%20bold%20regular%3A800%3Anormal&#8221; font_color=&#8221;#ffffff&#8221; position=&#8221;center&#8221; digit=&#8221;60min&#8221; text=&#8221;Czas trwania&#8221; text_color=&#8221;#ffffff&#8221;][\/vc_column][vc_column width=&#8221;1\/3&#8243;][rdy_counter type=&#8221;random&#8221; google_fonts=&#8221;font_family:Dosis%3A200%2C300%2Cregular%2C500%2C600%2C700%2C800|font_style:800%20bold%20regular%3A800%3Anormal&#8221; font_color=&#8221;#ffffff&#8221; position=&#8221;center&#8221; digit=&#8221;90%&#8221; text=&#8221;Wysokie st\u0119\u017cenie tlenu&#8221; text_color=&#8221;#ffffff&#8221;][\/vc_column][vc_column width=&#8221;1\/3&#8243;][rdy_counter type=&#8221;random&#8221; google_fonts=&#8221;font_family:Dosis%3A200%2C300%2Cregular%2C500%2C600%2C700%2C800|font_style:800%20bold%20regular%3A800%3Anormal&#8221; font_color=&#8221;#ffffff&#8221; position=&#8221;center&#8221; digit=&#8221;60 dB&#8221; text=&#8221;Niski poziom ha\u0142asu&#8221; text_color=&#8221;#ffffff&#8221;][\/vc_column][\/vc_row][vc_row full_width=&#8221;stretch_row&#8221; custom_padding=&#8221;true&#8221; custom_padding_t=&#8221;0&#8243; custom_padding_b=&#8221;0&#8243; live_background=&#8221;spiderweb&#8221; live_background_color=&#8221;#247ba0&#8243; css_animation=&#8221;fadeInUp2&#8243; css_padding=&#8221;:::::::::60::60::::&#8221; el_id=&#8221;1&#8243;][vc_column width=&#8221;1\/2&#8243; css=&#8221;.vc_custom_1680186968309{padding-right: 30px !important;}&#8221;][vc_empty_space height=&#8221;100px&#8221;][vc_single_image image=&#8221;10864&#8243; alignment=&#8221;center&#8221; img_size=&#8221;large&#8221; style=&#8221;vc_box_circle_2&#8243;][\/vc_column][vc_column width=&#8221;1\/2&#8243;][vc_empty_space height=&#8221;200px&#8221;][vc_column_text]<\/p>\n<p align=\"justify\">Nasze komory hiperbaryczne wyr\u00f3\u017cniaj\u0105 si\u0119 na rynku \u2013 skoncentrowany tlen jest podawany w spos\u00f3b cykliczny (20 minut podawania tlenu i 5-minutowa przerwa), co gwarantuje bezpiecze\u0144stwo. W urz\u0105dzeniu wytwarzane jest ci\u015bnienie 1,3 ATA, kt\u00f3re pozwala na skuteczn\u0105 i bezpieczn\u0105 terapi\u0119.<\/p>\n<p>[\/vc_column_text][vc_empty_space height=&#8221;50px&#8221;][vc_row_inner css=&#8221;.vc_custom_1680705357957{padding-top: 30px !important;}&#8221;][vc_column_inner][vc_column_text]<strong>Jak przebiega sesja?<\/strong><\/p>\n<ul>\n<li>sesja tlenoterapii hiperbarycznej trwa od\u00a0<b>60 do 80 minut<\/b><\/li>\n<li>osoba korzystaj\u0105ca z zabiegu jest\u00a0<b>stopniowo\u00a0<\/b>wprowadzana w warunki podwy\u017cszonego ci\u015bnienia<\/li>\n<li><b>do komory DUO mog\u0105 wej\u015b\u0107 dwie osoby,<\/b>\u00a0np. rodzic z dzieckiem<\/li>\n<li><b>w komorze\u00a0<\/b>mo\u017cna poczyta\u0107 ksi\u0105\u017ck\u0119, pos\u0142ucha\u0107 muzyki, rozwi\u0105za\u0107 krzy\u017c\u00f3wk\u0119 itp.<\/li>\n<li><b>nad bezpiecze\u0144stwem\u00a0<\/b>stale czuwa nasz personel<\/li>\n<li><b>ostatnim etapem<\/b>\u00a0jest wyr\u00f3wnanie ci\u015bnienia w komorze i bezpieczne jej opuszczenie<\/li>\n<\/ul>\n<p>[\/vc_column_text][\/vc_column_inner][\/vc_row_inner][\/vc_column][\/vc_row][vc_row el_id=&#8221;2&#8243;][vc_column width=&#8221;1\/2&#8243;][vc_empty_space height=&#8221;200px&#8221;][vc_empty_space height=&#8221;50px&#8221;][vc_row_inner el_id=&#8221;2&#8243;][vc_column_inner][vc_column_text]<strong>Jak przygotowa\u0107 si\u0119 do sesji?<\/strong><\/p>\n<ul>\n<li>Pami\u0119taj o \u015bwie\u017cej i lekkiej odzie\u017cy bawe\u0142nianej, aby przebra\u0107 si\u0119 przed sesj\u0105 tlenoterapii hiperbarycznej.<\/li>\n<li>Je\u017celi cierpisz na cukrzyc\u0119 lub nadci\u015bnienie, pami\u0119taj o swojej dawce lek\u00f3w przeciwcukrzycowych lub lek\u00f3w wyr\u00f3wnuj\u0105cych ci\u015bnienie.<\/li>\n<li>Zdejmij bi\u017cuteri\u0119, zegarek, od\u0142\u0105cz elektroniczny sprz\u0119t medyczny, jak aparat s\u0142uchowy<\/li>\n<li>Nie u\u017cywaj silnych perfum, krem\u00f3w, lakieru do w\u0142os\u00f3w, zmyj makija\u017c.<\/li>\n<li>Zjedz co\u015b lekkiego przed sesj\u0105 tlenoterapii hiperbarycznej i skorzystaj z toalety przed zabiegiem.<\/li>\n<li>We\u017a ze sob\u0105 co\u015b do poczytania lub innego zaj\u0119cia czasu.<\/li>\n<\/ul>\n<p>[\/vc_column_text][\/vc_column_inner][\/vc_row_inner][\/vc_column][vc_column width=&#8221;1\/2&#8243;][vc_empty_space height=&#8221;80px&#8221;][vc_single_image image=&#8221;11008&#8243; img_size=&#8221;large&#8221; style=&#8221;vc_box_circle_2&#8243;][\/vc_column][vc_column][\/vc_column][\/vc_row][vc_row full_width=&#8221;stretch_row_content&#8221; row_min_height=&#8221;200&#8243; gap=&#8221;15&#8243; parallax=&#8221;content-moving&#8221; parallax_image=&#8221;10818&#8243;][vc_column][vc_custom_heading text=&#8221;Warto wiedzie\u0107&#8221; google_fonts=&#8221;font_family:Dosis%3A200%2C300%2Cregular%2C500%2C600%2C700%2C800|font_style:800%20bold%20regular%3A800%3Anormal&#8221; font_container=&#8221;tag:h1|text_align:center|color:%23ffffff&#8221;][\/vc_column][\/vc_row][vc_section el_id=&#8221;3&#8243;][vc_row][vc_column][vc_empty_space][\/vc_column][\/vc_row][\/vc_section][vc_row][vc_column width=&#8221;1\/2&#8243;][vc_empty_space height=&#8221;100px&#8221;][vc_single_image image=&#8221;11210&#8243; style=&#8221;vc_box_shadow_circle&#8221; css=&#8221;.vc_custom_1682321942832{padding-top: 100px !important;padding-right: 50px !important;}&#8221;][\/vc_column][vc_column width=&#8221;1\/2&#8243;][vc_row_inner css=&#8221;.vc_custom_1682321848716{padding-top: 100px !important;}&#8221;][vc_column_inner][vc_column_text]<\/p>\n<h3><strong>Przeciwwskazania<\/strong><\/h3>\n<p align=\"justify\">Niewyr\u00f3wnana choroba niedokrwienna serca &#8211; osoby z niewyr\u00f3wnan\u0105 chorob\u0105 niedokrwienn\u0105 serca nie powinny by\u0107 poddawane tlenoterapii w komorze hiperbarycznej, poniewa\u017c zwi\u0119kszenie ilo\u015bci tlenu w organizmie mo\u017ce prowadzi\u0107 do zwi\u0119kszenia zapotrzebowania na tlen przez serce, co mo\u017ce prowadzi\u0107 do zaostrzenia objaw\u00f3w choroby.<\/p>\n<p align=\"justify\">Choroby uk\u0142adu oddechowego &#8211; osoby z chorobami uk\u0142adu oddechowego, takie jak POChP (przewlek\u0142a obturacyjna choroba p\u0142uc) czy astma, mog\u0105 nie by\u0107 odpowiednie do poddania si\u0119 tlenoterapii w komorze hiperbarycznej, poniewa\u017c zwi\u0119kszenie ci\u015bnienia w komorze hiperbarycznej i wzrost zawarto\u015bci tlenu w organizmie mo\u017ce prowadzi\u0107 do pogorszenia stanu pacjenta.<\/p>\n<p align=\"justify\">Choroby onkologiczne &#8211; osoby z chorobami onkologicznymi, kt\u00f3re wymagaj\u0105 leczenia promieniami, mog\u0105 mie\u0107 przeciwwskazania do tlenoterapii w komorze hiperbarycznej, poniewa\u017c taka terapia mo\u017ce prowadzi\u0107 do zwi\u0119kszenia naczyniowego efektu promieniowania i zwi\u0119kszenia ryzyka uszkodzenia zdrowych tkanek.<\/p>\n<p align=\"justify\">Ci\u0105\u017ca &#8211; kobiety w ci\u0105\u017cy nie powinny by\u0107 poddawane tlenoterapii w komorze hiperbarycznej, poniewa\u017c mo\u017ce to prowadzi\u0107 do uszkodzenia p\u0142odu.<\/p>\n<p>[\/vc_column_text][\/vc_column_inner][\/vc_row_inner][\/vc_column][\/vc_row][vc_section el_id=&#8221;4&#8243;][vc_row][vc_column][vc_empty_space][\/vc_column][\/vc_row][\/vc_section][vc_row][vc_column width=&#8221;1\/2&#8243;][vc_single_image image=&#8221;10865&#8243; style=&#8221;vc_box_shadow_circle&#8221; css=&#8221;.vc_custom_1682321907250{padding-top: 130px !important;padding-right: 50px !important;}&#8221;][vc_empty_space height=&#8221;50px&#8221;][\/vc_column][vc_column width=&#8221;1\/2&#8243;][vc_row_inner css=&#8221;.vc_custom_1682321863506{padding-top: 100px !important;}&#8221;][vc_column_inner][vc_column_text css=&#8221;.vc_custom_1682356462341{padding-top: 30px !important;}&#8221;]<\/p>\n<h3><strong>Wskazania<\/strong><\/h3>\n<ul>\n<p align=\"justify\">Poprawa dotlenienia tkanek &#8211; Tlenoterapia w komorze hiperbarycznej zwi\u0119ksza ilo\u015b\u0107 tlenu, kt\u00f3ry dostarczany jest do tkanek organizmu, co mo\u017ce przyspieszy\u0107 procesy regeneracyjne i leczenia r\u00f3\u017cnych schorze\u0144.<\/p>\n<p align=\"justify\">Zwi\u0119kszenie odporno\u015bci &#8211; Dzi\u0119ki zwi\u0119kszonej ilo\u015bci tlenu, kom\u00f3rki organizmu staj\u0105 si\u0119 bardziej odporne na dzia\u0142anie wolnych rodnik\u00f3w, co wp\u0142ywa na popraw\u0119 funkcjonowania uk\u0142adu odporno\u015bciowego.<\/p>\n<p align=\"justify\">Redukcja stan\u00f3w zapalnych &#8211; Oksygen, kt\u00f3ry jest dostarczany do organizmu podczas tlenoterapii, ma dzia\u0142anie przeciwzapalne, dzi\u0119ki czemu mo\u017ce pom\u00f3c w leczeniu r\u00f3\u017cnych stan\u00f3w zapalnych.<\/p>\n<p align=\"justify\">Leczenie chor\u00f3b sk\u00f3ry &#8211; Tlenoterapia w komorze hiperbarycznej mo\u017ce pom\u00f3c w leczeniu chor\u00f3b sk\u00f3ry, takich jak tr\u0105dzik, egzema czy \u0142uszczyca, poprzez zwi\u0119kszenie ilo\u015bci tlenu w krwi i dotlenienie tkanek sk\u00f3ry.<\/p>\n<p align=\"justify\">Leczenie chor\u00f3b neurologicznych &#8211; Tlenoterapia w komorze hiperbarycznej mo\u017ce pom\u00f3c w leczeniu chor\u00f3b neurologicznych, takich jak choroba Parkinsona czy stwardnienie rozsiane, poprzez popraw\u0119 przep\u0142ywu krwi do m\u00f3zgu i zwi\u0119kszenie ilo\u015bci tlenu w organizmie.<\/p>\n<p align=\"justify\">Leczenie uszkodze\u0144 m\u00f3zgu &#8211; Tlenoterapia w komorze hiperbarycznej mo\u017ce pom\u00f3c w leczeniu uszkodze\u0144 m\u00f3zgu, takich jak pourazowe stany zapalne m\u00f3zgu, udary m\u00f3zgu czy choroba Alzheimera, poprzez zwi\u0119kszenie ilo\u015bci tlenu w m\u00f3zgu i popraw\u0119 funkcjonowania kom\u00f3rek nerwowych.<\/p>\n<\/ul>\n<p>[\/vc_column_text][\/vc_column_inner][\/vc_row_inner][\/vc_column][\/vc_row]<\/p>\n","protected":false},"excerpt":{"rendered":"<p>[vc_row full_width=&#8221;stretch_row&#8221; row_dynamic_height=&#8221;75&#8243; row_min_height=&#8221;350&#8243; columns_placement_dyn=&#8221;bottom&#8221; parallax=&#8221;content-moving&#8221; parallax_image=&#8221;10876&#8243; css=&#8221;.vc_custom_1682319513884{border-bottom-width: 1px !important;padding-bottom: 10% !important;border-bottom-color: #bcbcbc !important;border-bottom-style: solid !important;}&#8221;][vc_column width=&#8221;1\/6&#8243;][\/vc_column][vc_column width=&#8221;2\/3&#8243;][vc_custom_heading text=&#8221;Tlenoterapia&#8221; google_fonts=&#8221;font_family:Dosis%3A200%2C300%2Cregular%2C500%2C600%2C700%2C800|font_style:800%20bold%20regular%3A800%3Anormal&#8221; font_container=&#8221;tag:h2|font_size:90|text_align:center|color:%23ffffff&#8221; transform=&#8221;uppercase&#8221; font_title_responsive=&#8221;true&#8221; text_animation=&#8221;char&#8221; text_animation_type=&#8221;slideUpIn&#8221; css_animation=&#8221;swing&#8221;][vc_custom_heading text=&#8221;Lepsza jako\u015b\u0107 Twojego \u017cycia&#8221; [&hellip;]<\/p>\n","protected":false},"author":1,"featured_media":0,"parent":0,"menu_order":0,"comment_status":"closed","ping_status":"closed","template":"","meta":{"_editorskit_title_hidden":false,"_editorskit_reading_time":0,"_editorskit_is_block_options_detached":false,"_editorskit_block_options_position":"{}","footnotes":""},"_links":{"self":[{"href":"https:\/\/tlenuj.pl\/index.php?rest_route=\/wp\/v2\/pages\/11169"}],"collection":[{"href":"https:\/\/tlenuj.pl\/index.php?rest_route=\/wp\/v2\/pages"}],"about":[{"href":"https:\/\/tlenuj.pl\/index.php?rest_route=\/wp\/v2\/types\/page"}],"author":[{"embeddable":true,"href":"https:\/\/tlenuj.pl\/index.php?rest_route=\/wp\/v2\/users\/1"}],"replies":[{"embeddable":true,"href":"https:\/\/tlenuj.pl\/index.php?rest_route=%2Fwp%2Fv2%2Fcomments&post=11169"}],"version-history":[{"count":84,"href":"https:\/\/tlenuj.pl\/index.php?rest_route=\/wp\/v2\/pages\/11169\/revisions"}],"predecessor-version":[{"id":11468,"href":"https:\/\/tlenuj.pl\/index.php?rest_route=\/wp\/v2\/pages\/11169\/revisions\/11468"}],"wp:attachment":[{"href":"https:\/\/tlenuj.pl\/index.php?rest_route=%2Fwp%2Fv2%2Fmedia&parent=11169"}],"curies":[{"name":"wp","href":"https:\/\/api.w.org\/{rel}","templated":true}]}}